{"id":106,"date":"2026-01-02T16:41:59","date_gmt":"2026-01-02T19:41:59","guid":{"rendered":"https:\/\/ajnobreaks.com.br\/?page_id=106"},"modified":"2026-01-02T16:52:08","modified_gmt":"2026-01-02T19:52:08","slug":"sobre-nos","status":"publish","type":"page","link":"https:\/\/ajnobreaks.com.br\/?page_id=106","title":{"rendered":"Sobre Nos"},"content":{"rendered":"\t\t<div data-elementor-type=\"wp-page\" data-elementor-id=\"106\" class=\"elementor elementor-106\" data-elementor-post-type=\"page\">\n\t\t\t\t\t\t<section class=\"elementor-section elementor-top-section elementor-element elementor-element-6f1e27d3 elementor-section-boxed elementor-section-height-default elementor-section-height-default\" data-id=\"6f1e27d3\" data-element_type=\"section\" data-settings=\"{&quot;background_background&quot;:&quot;classic&quot;}\">\n\t\t\t\t\t\t\t<div class=\"elementor-background-overlay\"><\/div>\n\t\t\t\t\t\t\t<div class=\"elementor-container elementor-column-gap-no\">\n\t\t\t\t\t<div class=\"elementor-column elementor-col-100 elementor-top-column elementor-element elementor-element-61ceeee0\" data-id=\"61ceeee0\" data-element_type=\"column\">\n\t\t\t<div class=\"elementor-widget-wrap elementor-element-populated\">\n\t\t\t\t\t\t<div class=\"elementor-element elementor-element-20f90a41 elementor-icon-list--layout-inline elementor-widget__width-auto elementor-list-item-link-full_width elementor-widget elementor-widget-icon-list\" data-id=\"20f90a41\" data-element_type=\"widget\" data-widget_type=\"icon-list.default\">\n\t\t\t\t\t\t\t<ul class=\"elementor-icon-list-items elementor-inline-items\">\n\t\t\t\t\t\t\t<li class=\"elementor-icon-list-item elementor-inline-item\">\n\t\t\t\t\t\t\t\t\t\t\t<a href=\"#\">\n\n\t\t\t\t\t\t\t\t\t\t\t\t<span class=\"elementor-icon-list-icon\">\n\t\t\t\t\t\t\t<svg aria-hidden=\"true\" class=\"e-font-icon-svg e-fas-home\" viewBox=\"0 0 576 512\" xmlns=\"http:\/\/www.w3.org\/2000\/svg\"><path d=\"M280.37 148.26L96 300.11V464a16 16 0 0 0 16 16l112.06-.29a16 16 0 0 0 15.92-16V368a16 16 0 0 1 16-16h64a16 16 0 0 1 16 16v95.64a16 16 0 0 0 16 16.05L464 480a16 16 0 0 0 16-16V300L295.67 148.26a12.19 12.19 0 0 0-15.3 0zM571.6 251.47L488 182.56V44.05a12 12 0 0 0-12-12h-56a12 12 0 0 0-12 12v72.61L318.47 43a48 48 0 0 0-61 0L4.34 251.47a12 12 0 0 0-1.6 16.9l25.5 31A12 12 0 0 0 45.15 301l235.22-193.74a12.19 12.19 0 0 1 15.3 0L530.9 301a12 12 0 0 0 16.9-1.6l25.5-31a12 12 0 0 0-1.7-16.93z\"><\/path><\/svg>\t\t\t\t\t\t<\/span>\n\t\t\t\t\t\t\t\t\t\t<span class=\"elementor-icon-list-text\">Home<\/span>\n\t\t\t\t\t\t\t\t\t\t\t<\/a>\n\t\t\t\t\t\t\t\t\t<\/li>\n\t\t\t\t\t\t<\/ul>\n\t\t\t\t\t\t<\/div>\n\t\t\t\t<div class=\"elementor-element elementor-element-1e009974 elementor-widget__width-auto elementor-widget elementor-widget-heading\" data-id=\"1e009974\" data-element_type=\"widget\" data-widget_type=\"heading.default\">\n\t\t\t\t\t<div class=\"elementor-heading-title elementor-size-default\">\/<\/div>\t\t\t\t<\/div>\n\t\t\t\t\t<\/div>\n\t\t<\/div>\n\t\t\t\t\t<\/div>\n\t\t<\/section>\n\t\t\t\t<section class=\"elementor-section elementor-top-section elementor-element elementor-element-7a06d4 elementor-section-boxed elementor-section-height-default elementor-section-height-default\" data-id=\"7a06d4\" data-element_type=\"section\">\n\t\t\t\t\t\t<div class=\"elementor-container elementor-column-gap-no\">\n\t\t\t\t\t<div class=\"elementor-column elementor-col-100 elementor-top-column elementor-element elementor-element-75dc40e6\" data-id=\"75dc40e6\" data-element_type=\"column\">\n\t\t\t<div class=\"elementor-widget-wrap elementor-element-populated\">\n\t\t\t\t\t\t<section class=\"elementor-section elementor-inner-section elementor-element elementor-element-697e64c elementor-section-boxed elementor-section-height-default elementor-section-height-default\" data-id=\"697e64c\" data-element_type=\"section\">\n\t\t\t\t\t\t<div class=\"elementor-container elementor-column-gap-no\">\n\t\t\t\t\t<div class=\"elementor-column elementor-col-50 elementor-inner-column elementor-element elementor-element-785a6692\" data-id=\"785a6692\" data-element_type=\"column\">\n\t\t\t<div class=\"elementor-widget-wrap elementor-element-populated\">\n\t\t\t\t\t\t<div class=\"elementor-element elementor-element-4c8f985b elementor-widget__width-auto elementor-widget elementor-widget-heading\" data-id=\"4c8f985b\" data-element_type=\"widget\" data-widget_type=\"heading.default\">\n\t\t\t\t\t<div class=\"elementor-heading-title elementor-size-default\">SOBRE<\/div>\t\t\t\t<\/div>\n\t\t\t\t<div class=\"elementor-element elementor-element-bd53b54 elementor-widget elementor-widget-heading\" data-id=\"bd53b54\" data-element_type=\"widget\" data-widget_type=\"heading.default\">\n\t\t\t\t\t<h2 class=\"elementor-heading-title elementor-size-default\">Especialistas em Energia e Infraestrutura<\/h2>\t\t\t\t<\/div>\n\t\t\t\t<div class=\"elementor-element elementor-element-37def035 elementor-widget elementor-widget-text-editor\" data-id=\"37def035\" data-element_type=\"widget\" data-widget_type=\"text-editor.default\">\n\t\t\t\t\t\t\t\t\t<p>Com sede em S\u00e3o Paulo, a <b data-path-to-node=\"3,2,1,0\" data-index-in-node=\"25\">AJNobreak<\/b> consolidou-se como refer\u00eancia t\u00e9cnica no mercado de infraestrutura cr\u00edtica. Nossa trajet\u00f3ria \u00e9 pautada pela entrega de solu\u00e7\u00f5es de alta performance em energia, servidores e automa\u00e7\u00e3o comercial, garantindo que as opera\u00e7\u00f5es de nossos clientes nunca parem devido a falhas energ\u00e9ticas ou tecnol\u00f3gicas.<\/p><p>Atuamos como um bra\u00e7o estrat\u00e9gico para empresas que buscam seguran\u00e7a operacional. Atrav\u00e9s de consultoria especializada e parcerias com l\u00edderes mundiais como <b data-path-to-node=\"3,3,1,0\" data-index-in-node=\"157\">APC, Dell, Eaton e Zebra<\/b>, entregamos desde o dimensionamento preciso de Nobreaks at\u00e9 a montagem completa de Data Centers e sistemas de automa\u00e7\u00e3o inteligente.<\/p>\t\t\t\t\t\t\t\t<\/div>\n\t\t\t\t\t<\/div>\n\t\t<\/div>\n\t\t\t\t<div class=\"elementor-column elementor-col-50 elementor-inner-column elementor-element elementor-element-f6fa72e\" data-id=\"f6fa72e\" data-element_type=\"column\">\n\t\t\t<div class=\"elementor-widget-wrap elementor-element-populated\">\n\t\t\t\t\t\t<div class=\"elementor-element elementor-element-4dd24fa4 elementor-widget elementor-widget-image\" data-id=\"4dd24fa4\" data-element_type=\"widget\" data-widget_type=\"image.default\">\n\t\t\t\t\t\t\t\t\t\t\t\t\t\t\t<img decoding=\"async\" src=\"https:\/\/ajnobreaks.com.br\/wp-content\/uploads\/elementor\/thumbs\/about-sect-rh2teeqona2r9crf10b8n4klcllm45nd1ls7gsfzio.webp\" title=\"about-sect.jpg\" alt=\"about-sect.jpg\" loading=\"lazy\" \/>\t\t\t\t\t\t\t\t\t\t\t\t\t\t\t<\/div>\n\t\t\t\t\t<\/div>\n\t\t<\/div>\n\t\t\t\t\t<\/div>\n\t\t<\/section>\n\t\t\t\t<section class=\"elementor-section elementor-inner-section elementor-element elementor-element-77f42a26 elementor-section-boxed elementor-section-height-default elementor-section-height-default\" data-id=\"77f42a26\" data-element_type=\"section\">\n\t\t\t\t\t\t<div class=\"elementor-container elementor-column-gap-no\">\n\t\t\t\t\t<div class=\"elementor-column elementor-col-50 elementor-inner-column elementor-element elementor-element-2e0988ae\" data-id=\"2e0988ae\" data-element_type=\"column\">\n\t\t\t<div class=\"elementor-widget-wrap elementor-element-populated\">\n\t\t\t\t\t\t<div class=\"elementor-element elementor-element-3eb3f007 elementor-widget elementor-widget-video\" data-id=\"3eb3f007\" data-element_type=\"widget\" data-settings=\"{&quot;youtube_url&quot;:&quot;https:\\\/\\\/www.youtube.com\\\/watch?v=XHOmBV4js_E&quot;,&quot;show_image_overlay&quot;:&quot;yes&quot;,&quot;image_overlay&quot;:{&quot;url&quot;:&quot;https:\\\/\\\/ajnobreaks.com.br\\\/wp-content\\\/uploads\\\/2025\\\/12\\\/video-about.webp&quot;,&quot;id&quot;:&quot;48&quot;,&quot;size&quot;:&quot;&quot;},&quot;video_type&quot;:&quot;youtube&quot;,&quot;controls&quot;:&quot;yes&quot;}\" data-widget_type=\"video.default\">\n\t\t\t\t\t\t\t<div class=\"elementor-wrapper elementor-open-inline\">\n\t\t\t<div class=\"elementor-video\"><\/div>\t\t\t\t<div class=\"elementor-custom-embed-image-overlay\" style=\"background-image: url(https:\/\/ajnobreaks.com.br\/wp-content\/uploads\/2025\/12\/video-about.webp);\">\n\t\t\t\t\t\t\t\t\t\t\t\t\t\t\t\t<div class=\"elementor-custom-embed-play\" role=\"button\" aria-label=\"Reproduzir v\u00eddeo\" tabindex=\"0\">\n\t\t\t\t\t\t\t<svg aria-hidden=\"true\" class=\"e-font-icon-svg e-far-play-circle\" viewBox=\"0 0 512 512\" xmlns=\"http:\/\/www.w3.org\/2000\/svg\"><path d=\"M371.7 238l-176-107c-15.8-8.8-35.7 2.5-35.7 21v208c0 18.4 19.8 29.8 35.7 21l176-101c16.4-9.1 16.4-32.8 0-42zM504 256C504 119 393 8 256 8S8 119 8 256s111 248 248 248 248-111 248-248zm-448 0c0-110.5 89.5-200 200-200s200 89.5 200 200-89.5 200-200 200S56 366.5 56 256z\"><\/path><\/svg>\t\t\t\t\t\t<\/div>\n\t\t\t\t\t\t\t\t\t<\/div>\n\t\t\t\t\t<\/div>\n\t\t\t\t\t\t<\/div>\n\t\t\t\t\t<\/div>\n\t\t<\/div>\n\t\t\t\t<div class=\"elementor-column elementor-col-50 elementor-inner-column elementor-element elementor-element-447f942b\" data-id=\"447f942b\" data-element_type=\"column\">\n\t\t\t<div class=\"elementor-widget-wrap elementor-element-populated\">\n\t\t\t\t\t\t<div class=\"elementor-element elementor-element-7d151a78 elementor-widget__width-auto elementor-widget elementor-widget-heading\" data-id=\"7d151a78\" data-element_type=\"widget\" data-widget_type=\"heading.default\">\n\t\t\t\t\t<div class=\"elementor-heading-title elementor-size-default\">MISS\u00c3O<\/div>\t\t\t\t<\/div>\n\t\t\t\t<div class=\"elementor-element elementor-element-3d1baf72 elementor-widget elementor-widget-heading\" data-id=\"3d1baf72\" data-element_type=\"widget\" data-widget_type=\"heading.default\">\n\t\t\t\t\t<h2 class=\"elementor-heading-title elementor-size-default\">Nossa Miss\u00e3o &amp; Nossos Valores<\/h2>\t\t\t\t<\/div>\n\t\t\t\t<div class=\"elementor-element elementor-element-ddbefa elementor-widget__width-initial elementor-widget elementor-widget-text-editor\" data-id=\"ddbefa\" data-element_type=\"widget\" data-widget_type=\"text-editor.default\">\n\t\t\t\t\t\t\t\t\t<p>Nossa miss\u00e3o \u00e9 prover seguran\u00e7a e estabilidade tecnol\u00f3gica para o mercado corporativo. Acreditamos que a prote\u00e7\u00e3o de energia e a infraestrutura de TI de alta performance s\u00e3o os pilares que permitem \u00e0s empresas focarem no que realmente importa: o seu crescimento.<\/p>\t\t\t\t\t\t\t\t<\/div>\n\t\t\t\t<div class=\"elementor-element elementor-element-2871c3f7 elementor-widget elementor-widget-text-editor\" data-id=\"2871c3f7\" data-element_type=\"widget\" data-widget_type=\"text-editor.default\">\n\t\t\t\t\t\t\t\t\t<ul><li><p data-path-to-node=\"4,3,1,0,0\"><b data-path-to-node=\"4,3,1,0,0\" data-index-in-node=\"0\">Comprometimento com o Cliente:<\/b> Foco total em entender a carga e a necessidade real de cada opera\u00e7\u00e3o antes de oferecer uma solu\u00e7\u00e3o.<\/p><\/li><li><p data-path-to-node=\"4,3,1,1,0\"><b data-path-to-node=\"4,3,1,1,0\" data-index-in-node=\"0\">Excel\u00eancia e Agilidade:<\/b> Atendimento t\u00e9cnico especializado com pronta entrega em S\u00e3o Paulo para situa\u00e7\u00f5es cr\u00edticas.<\/p><\/li><li><p data-path-to-node=\"4,3,1,2,0\"><b data-path-to-node=\"4,3,1,2,0\" data-index-in-node=\"0\">Confiabilidade:<\/b> Trabalhamos apenas com marcas l\u00edderes mundiais, garantindo a proced\u00eancia e a efici\u00eancia de cada equipamento entregue.<\/p><\/li><\/ul>\t\t\t\t\t\t\t\t<\/div>\n\t\t\t\t\t<\/div>\n\t\t<\/div>\n\t\t\t\t\t<\/div>\n\t\t<\/section>\n\t\t\t\t<section class=\"elementor-section elementor-inner-section elementor-element elementor-element-1a1bf983 elementor-section-boxed elementor-section-height-default elementor-section-height-default\" data-id=\"1a1bf983\" data-element_type=\"section\">\n\t\t\t\t\t\t<div class=\"elementor-container elementor-column-gap-no\">\n\t\t\t\t\t<div class=\"elementor-column elementor-col-33 elementor-inner-column elementor-element elementor-element-99b804c\" data-id=\"99b804c\" data-element_type=\"column\" data-settings=\"{&quot;background_background&quot;:&quot;classic&quot;}\">\n\t\t\t<div class=\"elementor-widget-wrap elementor-element-populated\">\n\t\t\t\t\t\t<div class=\"elementor-element elementor-element-46fe491f elementor-widget__width-auto elementor-widget elementor-widget-image\" data-id=\"46fe491f\" data-element_type=\"widget\" data-widget_type=\"image.default\">\n\t\t\t\t\t\t\t\t\t\t\t\t\t\t\t<img decoding=\"async\" src=\"https:\/\/ajnobreaks.com.br\/wp-content\/uploads\/elementor\/thumbs\/fluorescent-rh2teihv89sh4kt22uqzywtv527nrb5kuxt0lsza3k.webp\" title=\"fluorescent.png\" alt=\"fluorescent.png\" loading=\"lazy\" \/>\t\t\t\t\t\t\t\t\t\t\t\t\t\t\t<\/div>\n\t\t\t\t<div class=\"elementor-element elementor-element-72b46aac elementor-widget__width-initial elementor-widget elementor-widget-heading\" data-id=\"72b46aac\" data-element_type=\"widget\" data-widget_type=\"heading.default\">\n\t\t\t\t\t<h5 class=\"elementor-heading-title elementor-size-default\">Solu\u00e7\u00f5es Sob Medida<\/h5>\t\t\t\t<\/div>\n\t\t\t\t<div class=\"elementor-element elementor-element-556de81b elementor-widget__width-initial elementor-widget elementor-widget-text-editor\" data-id=\"556de81b\" data-element_type=\"widget\" data-widget_type=\"text-editor.default\">\n\t\t\t\t\t\t\t\t\t<p>Realizamos o dimensionamento t\u00e9cnico preciso para sua carga, garantindo que voc\u00ea invista no equipamento ideal para sua infraestrutura.<\/p>\t\t\t\t\t\t\t\t<\/div>\n\t\t\t\t\t<\/div>\n\t\t<\/div>\n\t\t\t\t<div class=\"elementor-column elementor-col-33 elementor-inner-column elementor-element elementor-element-631d28b9\" data-id=\"631d28b9\" data-element_type=\"column\" data-settings=\"{&quot;background_background&quot;:&quot;classic&quot;}\">\n\t\t\t<div class=\"elementor-widget-wrap elementor-element-populated\">\n\t\t\t\t\t\t<div class=\"elementor-element elementor-element-334a2d74 elementor-widget__width-auto elementor-widget elementor-widget-image\" data-id=\"334a2d74\" data-element_type=\"widget\" data-widget_type=\"image.default\">\n\t\t\t\t\t\t\t\t\t\t\t\t\t\t\t<img decoding=\"async\" src=\"https:\/\/ajnobreaks.com.br\/wp-content\/uploads\/elementor\/thumbs\/favorite-rh2tejfpf3trg6roxd5mjelbqg30z09b72gi32xvxc.webp\" title=\"favorite.png\" alt=\"favorite.png\" loading=\"lazy\" \/>\t\t\t\t\t\t\t\t\t\t\t\t\t\t\t<\/div>\n\t\t\t\t<div class=\"elementor-element elementor-element-58177ea4 elementor-widget__width-initial elementor-widget elementor-widget-heading\" data-id=\"58177ea4\" data-element_type=\"widget\" data-widget_type=\"heading.default\">\n\t\t\t\t\t<h5 class=\"elementor-heading-title elementor-size-default\">Paix\u00e3o por Tecnologia<\/h5>\t\t\t\t<\/div>\n\t\t\t\t<div class=\"elementor-element elementor-element-74a7f51c elementor-widget__width-initial elementor-widget elementor-widget-text-editor\" data-id=\"74a7f51c\" data-element_type=\"widget\" data-widget_type=\"text-editor.default\">\n\t\t\t\t\t\t\t\t\t<p>Somos entusiastas da inova\u00e7\u00e3o e trabalhamos exclusivamente com marcas l\u00edderes mundiais como APC, Dell e Zebra para entregar m\u00e1xima performance.<\/p>\t\t\t\t\t\t\t\t<\/div>\n\t\t\t\t\t<\/div>\n\t\t<\/div>\n\t\t\t\t<div class=\"elementor-column elementor-col-33 elementor-inner-column elementor-element elementor-element-3978bfae\" data-id=\"3978bfae\" data-element_type=\"column\" data-settings=\"{&quot;background_background&quot;:&quot;classic&quot;}\">\n\t\t\t<div class=\"elementor-widget-wrap elementor-element-populated\">\n\t\t\t\t\t\t<div class=\"elementor-element elementor-element-1db26a34 elementor-widget__width-auto elementor-widget elementor-widget-image\" data-id=\"1db26a34\" data-element_type=\"widget\" data-widget_type=\"image.default\">\n\t\t\t\t\t\t\t\t\t\t\t\t\t\t\t<img decoding=\"async\" src=\"https:\/\/ajnobreaks.com.br\/wp-content\/uploads\/elementor\/thumbs\/location_automation-rh2tekdjlxv1rsqbrvk93wcsbtye6pd1j73zkcwhr4.webp\" title=\"location_automation.png\" alt=\"location_automation.png\" loading=\"lazy\" \/>\t\t\t\t\t\t\t\t\t\t\t\t\t\t\t<\/div>\n\t\t\t\t<div class=\"elementor-element elementor-element-33c72cd6 elementor-widget__width-initial elementor-widget elementor-widget-heading\" data-id=\"33c72cd6\" data-element_type=\"widget\" data-widget_type=\"heading.default\">\n\t\t\t\t\t<h5 class=\"elementor-heading-title elementor-size-default\">Suporte Especializado<\/h5>\t\t\t\t<\/div>\n\t\t\t\t<div class=\"elementor-element elementor-element-1a4d620e elementor-widget__width-initial elementor-widget elementor-widget-text-editor\" data-id=\"1a4d620e\" data-element_type=\"widget\" data-widget_type=\"text-editor.default\">\n\t\t\t\t\t\t\t\t\t<p>Nossa equipe t\u00e9cnica em S\u00e3o Paulo oferece atendimento \u00e1gil e consultoria qualificada para que sua opera\u00e7\u00e3o nunca sofra interrup\u00e7\u00f5es.<\/p>\t\t\t\t\t\t\t\t<\/div>\n\t\t\t\t\t<\/div>\n\t\t<\/div>\n\t\t\t\t\t<\/div>\n\t\t<\/section>\n\t\t\t\t\t<\/div>\n\t\t<\/div>\n\t\t\t\t\t<\/div>\n\t\t<\/section>\n\t\t\t\t<\/div>\n\t\t","protected":false},"excerpt":{"rendered":"<p>Home \/ SOBRE Especialistas em Energia e Infraestrutura Com sede em S\u00e3o Paulo, a AJNobreak consolidou-se como refer\u00eancia t\u00e9cnica no mercado de infraestrutura cr\u00edtica. Nossa trajet\u00f3ria \u00e9 pautada pela entrega de solu\u00e7\u00f5es de alta performance em energia, servidores e automa\u00e7\u00e3o comercial, garantindo que as opera\u00e7\u00f5es de nossos clientes nunca parem devido a falhas energ\u00e9ticas ou [&hellip;]<\/p>\n","protected":false},"author":1,"featured_media":0,"parent":0,"menu_order":0,"comment_status":"closed","ping_status":"closed","template":"elementor_header_footer","meta":{"footnotes":""},"class_list":["post-106","page","type-page","status-publish","hentry"],"_links":{"self":[{"href":"https:\/\/ajnobreaks.com.br\/index.php?rest_route=\/wp\/v2\/pages\/106","targetHints":{"allow":["GET"]}}],"collection":[{"href":"https:\/\/ajnobreaks.com.br\/index.php?rest_route=\/wp\/v2\/pages"}],"about":[{"href":"https:\/\/ajnobreaks.com.br\/index.php?rest_route=\/wp\/v2\/types\/page"}],"author":[{"embeddable":true,"href":"https:\/\/ajnobreaks.com.br\/index.php?rest_route=\/wp\/v2\/users\/1"}],"replies":[{"embeddable":true,"href":"https:\/\/ajnobreaks.com.br\/index.php?rest_route=%2Fwp%2Fv2%2Fcomments&post=106"}],"version-history":[{"count":4,"href":"https:\/\/ajnobreaks.com.br\/index.php?rest_route=\/wp\/v2\/pages\/106\/revisions"}],"predecessor-version":[{"id":118,"href":"https:\/\/ajnobreaks.com.br\/index.php?rest_route=\/wp\/v2\/pages\/106\/revisions\/118"}],"wp:attachment":[{"href":"https:\/\/ajnobreaks.com.br\/index.php?rest_route=%2Fwp%2Fv2%2Fmedia&parent=106"}],"curies":[{"name":"wp","href":"https:\/\/api.w.org\/{rel}","templated":true}]}}